{"id":481,"date":"2024-10-29T18:48:51","date_gmt":"2024-10-29T18:48:51","guid":{"rendered":"https:\/\/isabelatourcenter.com.ec\/site\/?page_id=481"},"modified":"2025-03-13T20:36:54","modified_gmt":"2025-03-13T20:36:54","slug":"centro-de-crianza-y-laguna-de-flamencos","status":"publish","type":"page","link":"https:\/\/isabelatourcenter.com.ec\/site\/centro-de-crianza-y-laguna-de-flamencos\/","title":{"rendered":"Centro de Crianza y Laguna de Flamencos"},"content":{"rendered":"\t\t<div data-elementor-type=\"wp-page\" data-elementor-id=\"481\" class=\"elementor elementor-481\" data-elementor-post-type=\"page\">\n\t\t\t\t\t\t<section class=\"elementor-section elementor-top-section elementor-element elementor-element-5b483eee elementor-section-boxed elementor-section-height-default elementor-section-height-default\" data-id=\"5b483eee\" data-element_type=\"section\" data-e-type=\"section\" data-settings=\"{&quot;background_background&quot;:&quot;slideshow&quot;,&quot;background_slideshow_gallery&quot;:[{&quot;id&quot;:681,&quot;url&quot;:&quot;https:\\\/\\\/isabelatourcenter.com.ec\\\/site\\\/wp-content\\\/uploads\\\/2025\\\/03\\\/isabela4.webp&quot;},{&quot;id&quot;:680,&quot;url&quot;:&quot;https:\\\/\\\/isabelatourcenter.com.ec\\\/site\\\/wp-content\\\/uploads\\\/2025\\\/03\\\/isabela3.webp&quot;},{&quot;id&quot;:679,&quot;url&quot;:&quot;https:\\\/\\\/isabelatourcenter.com.ec\\\/site\\\/wp-content\\\/uploads\\\/2025\\\/03\\\/isabela2.webp&quot;},{&quot;id&quot;:678,&quot;url&quot;:&quot;https:\\\/\\\/isabelatourcenter.com.ec\\\/site\\\/wp-content\\\/uploads\\\/2025\\\/03\\\/isabela1.webp&quot;}],&quot;background_slideshow_ken_burns&quot;:&quot;yes&quot;,&quot;shape_divider_bottom&quot;:&quot;pyramids&quot;,&quot;background_slideshow_loop&quot;:&quot;yes&quot;,&quot;background_slideshow_slide_duration&quot;:5000,&quot;background_slideshow_slide_transition&quot;:&quot;fade&quot;,&quot;background_slideshow_transition_duration&quot;:500,&quot;background_slideshow_ken_burns_zoom_direction&quot;:&quot;in&quot;}\">\n\t\t\t\t\t\t\t<div class=\"elementor-background-overlay\"><\/div>\n\t\t\t\t\t\t<div class=\"elementor-shape elementor-shape-bottom\" aria-hidden=\"true\" data-negative=\"false\">\n\t\t\t<svg xmlns=\"http:\/\/www.w3.org\/2000\/svg\" viewBox=\"0 0 1000 100\" preserveAspectRatio=\"none\">\n\t<path class=\"elementor-shape-fill\" d=\"M761.9,44.1L643.1,27.2L333.8,98L0,3.8V0l1000,0v3.9\"\/>\n<\/svg>\t\t<\/div>\n\t\t\t\t\t<div class=\"elementor-container elementor-column-gap-default\">\n\t\t\t\t\t<div class=\"elementor-column elementor-col-100 elementor-top-column elementor-element elementor-element-55f41dc1\" data-id=\"55f41dc1\" data-element_type=\"column\" data-e-type=\"column\">\n\t\t\t<div class=\"elementor-widget-wrap elementor-element-populated\">\n\t\t\t\t\t\t<div class=\"elementor-element elementor-element-5c717005 elementor-widget elementor-widget-elementskit-heading\" data-id=\"5c717005\" data-element_type=\"widget\" data-e-type=\"widget\" data-widget_type=\"elementskit-heading.default\">\n\t\t\t\t<div class=\"elementor-widget-container\">\n\t\t\t\t\t<div class=\"ekit-wid-con\" ><div class=\"ekit-heading elementskit-section-title-wraper text_center   ekit_heading_tablet-   ekit_heading_mobile-\"><\/div><\/div>\t\t\t\t<\/div>\n\t\t\t\t<\/div>\n\t\t\t\t<div class=\"elementor-element elementor-element-77e23ec0 elementor-widget__width-auto elementor-widget elementor-widget-button\" data-id=\"77e23ec0\" data-element_type=\"widget\" data-e-type=\"widget\" data-widget_type=\"button.default\">\n\t\t\t\t<div class=\"elementor-widget-container\">\n\t\t\t\t\t\t\t\t\t<div class=\"elementor-button-wrapper\">\n\t\t\t\t\t<a class=\"elementor-button elementor-button-link elementor-size-sm\" href=\"https:\/\/isabelatourcenter.com.ec\/site\/\">\n\t\t\t\t\t\t<span class=\"elementor-button-content-wrapper\">\n\t\t\t\t\t\t\t\t\t<span class=\"elementor-button-text\">Home<\/span>\n\t\t\t\t\t<\/span>\n\t\t\t\t\t<\/a>\n\t\t\t\t<\/div>\n\t\t\t\t\t\t\t\t<\/div>\n\t\t\t\t<\/div>\n\t\t\t\t<div class=\"elementor-element elementor-element-102d9679 elementor-widget__width-auto elementor-widget elementor-widget-text-editor\" data-id=\"102d9679\" data-element_type=\"widget\" data-e-type=\"widget\" data-widget_type=\"text-editor.default\">\n\t\t\t\t<div class=\"elementor-widget-container\">\n\t\t\t\t\t\t\t\t\t<p>\/<\/p>\t\t\t\t\t\t\t\t<\/div>\n\t\t\t\t<\/div>\n\t\t\t\t\t<\/div>\n\t\t<\/div>\n\t\t\t\t\t<\/div>\n\t\t<\/section>\n\t\t\t\t<section class=\"elementor-section elementor-top-section elementor-element elementor-element-99b2138 elementor-section-boxed elementor-section-height-default elementor-section-height-default\" data-id=\"99b2138\" data-element_type=\"section\" data-e-type=\"section\">\n\t\t\t\t\t\t<div class=\"elementor-container elementor-column-gap-default\">\n\t\t\t\t\t<div class=\"elementor-column elementor-col-50 elementor-top-column elementor-element elementor-element-da86b22\" data-id=\"da86b22\" data-element_type=\"column\" data-e-type=\"column\">\n\t\t\t<div class=\"elementor-widget-wrap elementor-element-populated\">\n\t\t\t\t\t\t<div class=\"elementor-element elementor-element-dfc8ff3 e-transform ekit-equal-height-disable elementor-widget elementor-widget-elementskit-image-box\" data-id=\"dfc8ff3\" data-element_type=\"widget\" data-e-type=\"widget\" data-settings=\"{&quot;_transform_rotateZ_effect&quot;:{&quot;unit&quot;:&quot;px&quot;,&quot;size&quot;:-5,&quot;sizes&quot;:[]},&quot;_transform_rotateZ_effect_tablet&quot;:{&quot;unit&quot;:&quot;deg&quot;,&quot;size&quot;:&quot;&quot;,&quot;sizes&quot;:[]},&quot;_transform_rotateZ_effect_mobile&quot;:{&quot;unit&quot;:&quot;deg&quot;,&quot;size&quot;:&quot;&quot;,&quot;sizes&quot;:[]}}\" data-widget_type=\"elementskit-image-box.default\">\n\t\t\t\t<div class=\"elementor-widget-container\">\n\t\t\t\t\t<div class=\"ekit-wid-con\" >\n            <div class=\"elementskit-info-image-box ekit-image-box text-center simple-card\" >\n\n                \n                <div class=\"elementskit-box-header image-box-img-center\">\n\n                    <img fetchpriority=\"high\" decoding=\"async\" width=\"800\" height=\"534\" src=\"https:\/\/isabelatourcenter.com.ec\/site\/wp-content\/uploads\/2024\/10\/GMS09004-1024x683.jpg\" class=\"attachment-large size-large wp-image-496\" alt=\"\" srcset=\"https:\/\/isabelatourcenter.com.ec\/site\/wp-content\/uploads\/2024\/10\/GMS09004-1024x683.jpg 1024w, https:\/\/isabelatourcenter.com.ec\/site\/wp-content\/uploads\/2024\/10\/GMS09004-300x200.jpg 300w, https:\/\/isabelatourcenter.com.ec\/site\/wp-content\/uploads\/2024\/10\/GMS09004-768x512.jpg 768w, https:\/\/isabelatourcenter.com.ec\/site\/wp-content\/uploads\/2024\/10\/GMS09004-1536x1024.jpg 1536w, https:\/\/isabelatourcenter.com.ec\/site\/wp-content\/uploads\/2024\/10\/GMS09004.jpg 1800w\" sizes=\"(max-width: 800px) 100vw, 800px\" \/>\n                <\/div>\n                \n                <div class=\"elementskit-box-body ekit-image-box-body\">\n                    <div class=\"elementskit-box-content ekit-image-box-body-inner\">\n                                                            <\/div>\n\n                            <\/div>\n            <\/div>\n    <\/div>\t\t\t\t<\/div>\n\t\t\t\t<\/div>\n\t\t\t\t<div class=\"elementor-element elementor-element-a77d4d4 elementor-widget elementor-widget-spacer\" data-id=\"a77d4d4\" data-element_type=\"widget\" data-e-type=\"widget\" data-widget_type=\"spacer.default\">\n\t\t\t\t<div class=\"elementor-widget-container\">\n\t\t\t\t\t\t\t<div class=\"elementor-spacer\">\n\t\t\t<div class=\"elementor-spacer-inner\"><\/div>\n\t\t<\/div>\n\t\t\t\t\t\t<\/div>\n\t\t\t\t<\/div>\n\t\t\t\t<div class=\"elementor-element elementor-element-83e3d9f elementor-widget elementor-widget-text-editor\" data-id=\"83e3d9f\" data-element_type=\"widget\" data-e-type=\"widget\" data-widget_type=\"text-editor.default\">\n\t\t\t\t<div class=\"elementor-widget-container\">\n\t\t\t\t\t\t\t\t\t<p><strong><b>Duraci\u00f3n del tour:<\/b><\/strong><\/p><p>2 horas, dependiendo del medio de transporte seleccionado y el ritmo del grupo.<\/p><p><strong><b>Incluye:<\/b><\/strong><\/p><ul><li>Gu\u00eda certificado (ingl\u00e9s\/espa\u00f1ol).<\/li><li>Transporte (caminata, bicicleta o veh\u00edculo, seg\u00fan preferencia).<\/li><li>Uso de bicicletas (si es elegido).<\/li><li>Equipo de seguridad (cascos, si se elige bicicleta).<\/li><\/ul><p>\u00a0<\/p><p><strong><b>Beneficios del servicio privado:<\/b><\/strong><\/p><ul><li>Atenci\u00f3n personalizada.<\/li><li>Flexibilidad en horarios y actividades.<\/li><li>Experiencia adaptada a las necesidades e intereses de cada grupo.<\/li><\/ul>\t\t\t\t\t\t\t\t<\/div>\n\t\t\t\t<\/div>\n\t\t\t\t\t<\/div>\n\t\t<\/div>\n\t\t\t\t<div class=\"elementor-column elementor-col-50 elementor-top-column elementor-element elementor-element-e5ecdf8\" data-id=\"e5ecdf8\" data-element_type=\"column\" data-e-type=\"column\">\n\t\t\t<div class=\"elementor-widget-wrap elementor-element-populated\">\n\t\t\t\t\t\t<div class=\"elementor-element elementor-element-3d9bb2b elementor-widget elementor-widget-elementskit-heading\" data-id=\"3d9bb2b\" data-element_type=\"widget\" data-e-type=\"widget\" data-widget_type=\"elementskit-heading.default\">\n\t\t\t\t<div class=\"elementor-widget-container\">\n\t\t\t\t\t<div class=\"ekit-wid-con\" ><div class=\"ekit-heading elementskit-section-title-wraper text_left   ekit_heading_tablet-text_left   ekit_heading_mobile-text_center\"><h2 class=\"ekit-heading--title elementskit-section-title \"><span><span>Descripci\u00f3n<\/span><\/span><\/h2><\/div><\/div>\t\t\t\t<\/div>\n\t\t\t\t<\/div>\n\t\t\t\t<div class=\"elementor-element elementor-element-07e0e9b elementor-widget elementor-widget-text-editor\" data-id=\"07e0e9b\" data-element_type=\"widget\" data-e-type=\"widget\" data-widget_type=\"text-editor.default\">\n\t\t\t\t<div class=\"elementor-widget-container\">\n\t\t\t\t\t\t\t\t\t<p><strong><b>Descripci\u00f3n del Servicio:<\/b><\/strong><\/p><p>Este tour exclusivo ofrece una experiencia personalizada para los amantes de la naturaleza y la biodiversidad de las Islas Gal\u00e1pagos. Acompa\u00f1ados por un gu\u00eda certificado biling\u00fce (espa\u00f1ol e ingl\u00e9s), los visitantes podr\u00e1n explorar dos de los lugares m\u00e1s emblem\u00e1ticos de la Isla Isabela: el Centro de Crianza de Tortugas Gigantes y la Laguna de Flamencos, un h\u00e1bitat natural donde podr\u00e1n observar estas majestuosas aves.<\/p><p><strong><b>Opciones de transporte:<\/b><\/strong><\/p><ul><li><b><\/b><strong><b>Caminata guiada<\/b><\/strong>: Para aquellos que deseen conectar m\u00e1s de cerca con la naturaleza, ofrecemos una caminata interpretativa por los senderos.<\/li><li><b><\/b><strong><b>Bicicleta<\/b><\/strong>: Una opci\u00f3n divertida y ecol\u00f3gica para disfrutar de la ruta mientras se mantiene activo.<\/li><li><b><\/b><strong><b>Veh\u00edculo privado<\/b><\/strong>: Ideal para quienes prefieren comodidad y rapidez, nuestro veh\u00edculo los transportar\u00e1 con total seguridad.<\/li><\/ul><p><strong><b>Puntos clave del itinerario:<\/b><\/strong><\/p><ol><li><b><\/b><strong><b>Recogida <\/b><\/strong>en el hotel o punto acordado.<\/li><li><b><\/b><strong><b>Centro de Crianza<\/b><\/strong>:<ul><li>Conocer el programa de conservaci\u00f3n de las tortugas gigantes.<\/li><li>Interactuar y aprender sobre las etapas de vida de estas especies emblem\u00e1ticas.<\/li><\/ul><\/li><li><b><\/b><strong><b>Laguna de Flamencos<\/b><\/strong>:<ul><li>Avistamiento de flamencos en su h\u00e1bitat natural.<\/li><li>Explicaci\u00f3n sobre la biodiversidad del ecosistema y la importancia de su conservaci\u00f3n.<\/li><\/ul><\/li><\/ol><p>\u00a0<\/p><p><u>El Centro de Crianza de Tortugas de Isabela<\/u>\u00a0se encuentra localizado a 1,5 Km. de Puerto Villamil. Se puede ir caminando, en bicicleta o en veh\u00edculo. En este Centro de Crianza se est\u00e1n reproduciendo en cautiverio Gal\u00e1pagos de las poblaciones de Isabela Sur (Volcanes Sierra Negra y Cerro Azul): Cazuela, Cinco Cerros, Roca Uni\u00f3n, San Pedro, Tablas y Cerro Paloma. Generalmente cuenta con 330\u00a0tortugas entre juveniles y adultos.<\/p><p>El Centro de Crianza tiene hermosos jardines compuestos por plantas nativas, como manzanillo, algarrobo, tunas, palo santo, u\u00f1a de gato, espino, chala, rodilla de caballo, algod\u00f3n, lechoso, muyuyo, espuela de gallo, array\u00e1n y margarita de las Gal\u00e1pagos.<\/p><p>Los visitantes pueden acudir a este centro desde las 08h00 hasta las 17h00, y realizar un recorrido de aproximadamente 2 horas, donde podr\u00e1n apreciar el trabajo realizado por los guardaparques, el proceso de crianza en cautiverio y realizar un recorrido por los corrales de tortugas de los diferentes volcanes que caracterizan sus domos o monturas.<\/p><p><span style=\"text-decoration: underline;\">La Poza de los Flamingos<\/span> es un estero salado que se forma en la mitad de Puerto Villamil, en este lugar puedes observar varias especies nativas como flamencos, patillos, teros reales entre otros.<\/p><p>Por estar dentro de la ciudad, no se necesita transporte, se puede acceder desde cualquier ubicaci\u00f3n de la isla, pero puede ser un punto de visita en bicicleta si has decidido hacer un recorrido por los alrededores de Puerto Villamil junto a otros puntos de visita como el sendero de los humedales y el Centro de interpretaci\u00f3n Arnaldo Tupiza.<\/p>\t\t\t\t\t\t\t\t<\/div>\n\t\t\t\t<\/div>\n\t\t\t\t\t<\/div>\n\t\t<\/div>\n\t\t\t\t\t<\/div>\n\t\t<\/section>\n\t\t\t\t<section class=\"elementor-section elementor-top-section elementor-element elementor-element-23a7e76 elementor-section-boxed elementor-section-height-default elementor-section-height-default\" data-id=\"23a7e76\" data-element_type=\"section\" data-e-type=\"section\">\n\t\t\t\t\t\t<div class=\"elementor-container elementor-column-gap-default\">\n\t\t\t\t\t<div class=\"elementor-column elementor-col-100 elementor-top-column elementor-element elementor-element-eb11bab\" data-id=\"eb11bab\" data-element_type=\"column\" data-e-type=\"column\">\n\t\t\t<div class=\"elementor-widget-wrap elementor-element-populated\">\n\t\t\t\t\t\t<div class=\"elementor-element elementor-element-39b321e elementor-widget elementor-widget-google_maps\" data-id=\"39b321e\" data-element_type=\"widget\" data-e-type=\"widget\" data-widget_type=\"google_maps.default\">\n\t\t\t\t<div class=\"elementor-widget-container\">\n\t\t\t\t\t\t\t<div class=\"elementor-custom-embed\">\n\t\t\t<iframe\n\t\t\t\t\tdata-src=\"https:\/\/maps.google.com\/maps?q=Centro%20de%20Crianza%20Tortugas%20Gigantes%20Arnaldo%20Tupiza%20Chamaidan&#038;t=m&#038;z=14&#038;output=embed&#038;iwloc=near\"\n\t\t\t\t\ttitle=\"Centro de Crianza Tortugas Gigantes Arnaldo Tupiza Chamaidan\"\n\t\t\t\t\taria-label=\"Centro de Crianza Tortugas Gigantes Arnaldo Tupiza Chamaidan\"\n\t\t\t src=\"data:image\/svg+xml;base64,PHN2ZyB3aWR0aD0iMSIgaGVpZ2h0PSIxIiB4bWxucz0iaHR0cDovL3d3dy53My5vcmcvMjAwMC9zdmciPjwvc3ZnPg==\" class=\"lazyload\" data-load-mode=\"1\"><\/iframe>\n\t\t<\/div>\n\t\t\t\t\t\t<\/div>\n\t\t\t\t<\/div>\n\t\t\t\t\t<\/div>\n\t\t<\/div>\n\t\t\t\t\t<\/div>\n\t\t<\/section>\n\t\t\t\t<section class=\"elementor-section elementor-top-section elementor-element elementor-element-5f5de34 elementor-section-boxed elementor-section-height-default elementor-section-height-default\" data-id=\"5f5de34\" data-element_type=\"section\" data-e-type=\"section\" data-settings=\"{&quot;background_background&quot;:&quot;classic&quot;}\">\n\t\t\t\t\t\t<div class=\"elementor-container elementor-column-gap-default\">\n\t\t\t\t\t<div class=\"elementor-column elementor-col-100 elementor-top-column elementor-element elementor-element-17b4411\" data-id=\"17b4411\" data-element_type=\"column\" data-e-type=\"column\">\n\t\t\t<div class=\"elementor-widget-wrap elementor-element-populated\">\n\t\t\t\t\t\t<section class=\"elementor-section elementor-inner-section elementor-element elementor-element-3807d6e elementor-section-boxed elementor-section-height-default elementor-section-height-default\" data-id=\"3807d6e\" data-element_type=\"section\" data-e-type=\"section\">\n\t\t\t\t\t\t<div class=\"elementor-container elementor-column-gap-default\">\n\t\t\t\t\t<div class=\"elementor-column elementor-col-50 elementor-inner-column elementor-element elementor-element-2dc1fe0\" data-id=\"2dc1fe0\" data-element_type=\"column\" data-e-type=\"column\">\n\t\t\t<div class=\"elementor-widget-wrap elementor-element-populated\">\n\t\t\t\t\t\t<div class=\"elementor-element elementor-element-2d27707 elementor-widget elementor-widget-elementskit-heading\" data-id=\"2d27707\" data-element_type=\"widget\" data-e-type=\"widget\" data-widget_type=\"elementskit-heading.default\">\n\t\t\t\t<div class=\"elementor-widget-container\">\n\t\t\t\t\t<div class=\"ekit-wid-con\" ><div class=\"ekit-heading elementskit-section-title-wraper text_left   ekit_heading_tablet-   ekit_heading_mobile-text_center\"><h2 class=\"ekit-heading--title elementskit-section-title \"><span><span>Momentos<\/span><\/span>  Inolvidables<\/h2><\/div><\/div>\t\t\t\t<\/div>\n\t\t\t\t<\/div>\n\t\t\t\t<div class=\"elementor-element elementor-element-896a4f1 elementor-widget elementor-widget-text-editor\" data-id=\"896a4f1\" data-element_type=\"widget\" data-e-type=\"widget\" data-widget_type=\"text-editor.default\">\n\t\t\t\t<div class=\"elementor-widget-container\">\n\t\t\t\t\t\t\t\t\tSea parte de nuestros memorables recuerdos\t\t\t\t\t\t\t\t<\/div>\n\t\t\t\t<\/div>\n\t\t\t\t\t<\/div>\n\t\t<\/div>\n\t\t\t\t<div class=\"elementor-column elementor-col-50 elementor-inner-column elementor-element elementor-element-91d2ee6\" data-id=\"91d2ee6\" data-element_type=\"column\" data-e-type=\"column\">\n\t\t\t<div class=\"elementor-widget-wrap elementor-element-populated\">\n\t\t\t\t\t\t<div class=\"elementor-element elementor-element-770272d elementor-align-right elementor-mobile-align-center elementor-widget elementor-widget-button\" data-id=\"770272d\" data-element_type=\"widget\" data-e-type=\"widget\" data-widget_type=\"button.default\">\n\t\t\t\t<div class=\"elementor-widget-container\">\n\t\t\t\t\t\t\t\t\t<div class=\"elementor-button-wrapper\">\n\t\t\t\t\t<a class=\"elementor-button elementor-button-link elementor-size-sm\" href=\"https:\/\/isabelatourcenter.com.ec\/site\/galeria\/\">\n\t\t\t\t\t\t<span class=\"elementor-button-content-wrapper\">\n\t\t\t\t\t\t<span class=\"elementor-button-icon\">\n\t\t\t\t<i aria-hidden=\"true\" class=\"fas fa-long-arrow-alt-right\"><\/i>\t\t\t<\/span>\n\t\t\t\t\t\t\t\t\t<span class=\"elementor-button-text\">M\u00e1s fotos<\/span>\n\t\t\t\t\t<\/span>\n\t\t\t\t\t<\/a>\n\t\t\t\t<\/div>\n\t\t\t\t\t\t\t\t<\/div>\n\t\t\t\t<\/div>\n\t\t\t\t\t<\/div>\n\t\t<\/div>\n\t\t\t\t\t<\/div>\n\t\t<\/section>\n\t\t\t\t<section class=\"elementor-section elementor-inner-section elementor-element elementor-element-7d5d4d3 elementor-section-boxed elementor-section-height-default elementor-section-height-default\" data-id=\"7d5d4d3\" data-element_type=\"section\" data-e-type=\"section\">\n\t\t\t\t\t\t<div class=\"elementor-container elementor-column-gap-default\">\n\t\t\t\t\t<div class=\"elementor-column elementor-col-33 elementor-inner-column elementor-element elementor-element-352f987\" data-id=\"352f987\" data-element_type=\"column\" data-e-type=\"column\">\n\t\t\t<div class=\"elementor-widget-wrap elementor-element-populated\">\n\t\t\t\t\t\t<div class=\"elementor-element elementor-element-e002dd5 ekit-image-accordion-hover ekit-image-accordion-horizontal elementor-widget elementor-widget-elementskit-image-accordion\" data-id=\"e002dd5\" data-element_type=\"widget\" data-e-type=\"widget\" data-widget_type=\"elementskit-image-accordion.default\">\n\t\t\t\t<div class=\"elementor-widget-container\">\n\t\t\t\t\t<div class=\"ekit-wid-con\" >\t\t<div class=\"ekit-image-accordion elementskit-image-accordion-wraper\">\n\t\t\t                <input type=\"radio\" name=\"ekit_ia_e002dd5\" id=\"ekit_ia_e002dd5_0\" class=\"elementskit-single-image-accordion--input\" hidden>\n                <label for=\"ekit_ia_e002dd5_0\" class=\"elementskit-single-image-accordion ekit-image-accordion-item lazyload\" style=\"background-image:inherit\" data-bg-image=\"url(https:\/\/isabelatourcenter.com.ec\/site\/wp-content\/uploads\/2024\/10\/GMS09030-e1730228903749.jpg)\">\n                    <span class=\"elementskit-accordion-content\">\n\t\t\t\t\t\t\t\t\t\t\t\t\t<span class=\"elementskit-accordion-title-wraper\">\n\t\t\t\t\t\t\t\t<span class=\"elementskit-accordion-title \">\n\t\t\t\t\t\t\t\t\n\t\t\t\t\t\t\t\tCentro de crianza\n\t\t\t\t\t\t\t\t\t\t\t\t\t\t\t\t<\/span>\n\t\t\t\t\t\t\t<\/span>\n\t\t\t\t\t\t\t                    <\/span>\n                <\/label>\n                    <\/div>\n    <\/div>\t\t\t\t<\/div>\n\t\t\t\t<\/div>\n\t\t\t\t\t<\/div>\n\t\t<\/div>\n\t\t\t\t<div class=\"elementor-column elementor-col-33 elementor-inner-column elementor-element elementor-element-97131a8\" data-id=\"97131a8\" data-element_type=\"column\" data-e-type=\"column\">\n\t\t\t<div class=\"elementor-widget-wrap elementor-element-populated\">\n\t\t\t\t\t\t<div class=\"elementor-element elementor-element-43bdd86 ekit-image-accordion-hover ekit-image-accordion-horizontal elementor-widget elementor-widget-elementskit-image-accordion\" data-id=\"43bdd86\" data-element_type=\"widget\" data-e-type=\"widget\" data-widget_type=\"elementskit-image-accordion.default\">\n\t\t\t\t<div class=\"elementor-widget-container\">\n\t\t\t\t\t<div class=\"ekit-wid-con\" >\t\t<div class=\"ekit-image-accordion elementskit-image-accordion-wraper\">\n\t\t\t                <input type=\"radio\" name=\"ekit_ia_43bdd86\" id=\"ekit_ia_43bdd86_0\" class=\"elementskit-single-image-accordion--input\" hidden>\n                <label for=\"ekit_ia_43bdd86_0\" class=\"elementskit-single-image-accordion ekit-image-accordion-item lazyload\" style=\"background-image:inherit\" data-bg-image=\"url(https:\/\/isabelatourcenter.com.ec\/site\/wp-content\/uploads\/2024\/10\/GMS09011-e1730228946831.jpg)\">\n                    <span class=\"elementskit-accordion-content\">\n\t\t\t\t\t\t\t\t\t\t\t\t\t<span class=\"elementskit-accordion-title-wraper\">\n\t\t\t\t\t\t\t\t<span class=\"elementskit-accordion-title \">\n\t\t\t\t\t\t\t\t\n\t\t\t\t\t\t\t\tCentro de crianza\n\t\t\t\t\t\t\t\t\t\t\t\t\t\t\t\t<\/span>\n\t\t\t\t\t\t\t<\/span>\n\t\t\t\t\t\t\t                    <\/span>\n                <\/label>\n                    <\/div>\n    <\/div>\t\t\t\t<\/div>\n\t\t\t\t<\/div>\n\t\t\t\t\t<\/div>\n\t\t<\/div>\n\t\t\t\t<div class=\"elementor-column elementor-col-33 elementor-inner-column elementor-element elementor-element-de9ee81\" data-id=\"de9ee81\" data-element_type=\"column\" data-e-type=\"column\">\n\t\t\t<div class=\"elementor-widget-wrap elementor-element-populated\">\n\t\t\t\t\t\t<div class=\"elementor-element elementor-element-42f631b ekit-image-accordion-hover ekit-image-accordion-horizontal elementor-widget elementor-widget-elementskit-image-accordion\" data-id=\"42f631b\" data-element_type=\"widget\" data-e-type=\"widget\" data-widget_type=\"elementskit-image-accordion.default\">\n\t\t\t\t<div class=\"elementor-widget-container\">\n\t\t\t\t\t<div class=\"ekit-wid-con\" >\t\t<div class=\"ekit-image-accordion elementskit-image-accordion-wraper\">\n\t\t\t                <input type=\"radio\" name=\"ekit_ia_42f631b\" id=\"ekit_ia_42f631b_0\" class=\"elementskit-single-image-accordion--input\" hidden>\n                <label for=\"ekit_ia_42f631b_0\" class=\"elementskit-single-image-accordion ekit-image-accordion-item lazyload\" style=\"background-image:inherit\" data-bg-image=\"url(https:\/\/isabelatourcenter.com.ec\/site\/wp-content\/uploads\/2024\/10\/DSC08087.jpg)\">\n                    <span class=\"elementskit-accordion-content\">\n\t\t\t\t\t\t\t\t\t\t\t\t\t<span class=\"elementskit-accordion-title-wraper\">\n\t\t\t\t\t\t\t\t<span class=\"elementskit-accordion-title \">\n\t\t\t\t\t\t\t\t\n\t\t\t\t\t\t\t\tLaguna de flamencos\n\t\t\t\t\t\t\t\t\t\t\t\t\t\t\t\t<\/span>\n\t\t\t\t\t\t\t<\/span>\n\t\t\t\t\t\t\t                    <\/span>\n                <\/label>\n                    <\/div>\n    <\/div>\t\t\t\t<\/div>\n\t\t\t\t<\/div>\n\t\t\t\t\t<\/div>\n\t\t<\/div>\n\t\t\t\t\t<\/div>\n\t\t<\/section>\n\t\t\t\t\t<\/div>\n\t\t<\/div>\n\t\t\t\t\t<\/div>\n\t\t<\/section>\n\t\t\t\t<\/div>\n\t\t","protected":false},"excerpt":{"rendered":"<p>Home \/ Duraci\u00f3n del tour: 2 horas, dependiendo del medio de transporte seleccionado y el ritmo del grupo. Incluye: Gu\u00eda certificado (ingl\u00e9s\/espa\u00f1ol). Transporte (caminata, bicicleta o veh\u00edculo, seg\u00fan preferencia). Uso de bicicletas (si es elegido). Equipo de seguridad (cascos, si se elige bicicleta). \u00a0 Beneficios del servicio privado: Atenci\u00f3n personalizada. Flexibilidad en horarios y actividades. [&hellip;]<\/p>\n","protected":false},"author":1,"featured_media":0,"parent":0,"menu_order":0,"comment_status":"closed","ping_status":"closed","template":"elementor_header_footer","meta":{"footnotes":""},"class_list":["post-481","page","type-page","status-publish","hentry"],"_links":{"self":[{"href":"https:\/\/isabelatourcenter.com.ec\/site\/wp-json\/wp\/v2\/pages\/481","targetHints":{"allow":["GET"]}}],"collection":[{"href":"https:\/\/isabelatourcenter.com.ec\/site\/wp-json\/wp\/v2\/pages"}],"about":[{"href":"https:\/\/isabelatourcenter.com.ec\/site\/wp-json\/wp\/v2\/types\/page"}],"author":[{"embeddable":true,"href":"https:\/\/isabelatourcenter.com.ec\/site\/wp-json\/wp\/v2\/users\/1"}],"replies":[{"embeddable":true,"href":"https:\/\/isabelatourcenter.com.ec\/site\/wp-json\/wp\/v2\/comments?post=481"}],"version-history":[{"count":25,"href":"https:\/\/isabelatourcenter.com.ec\/site\/wp-json\/wp\/v2\/pages\/481\/revisions"}],"predecessor-version":[{"id":750,"href":"https:\/\/isabelatourcenter.com.ec\/site\/wp-json\/wp\/v2\/pages\/481\/revisions\/750"}],"wp:attachment":[{"href":"https:\/\/isabelatourcenter.com.ec\/site\/wp-json\/wp\/v2\/media?parent=481"}],"curies":[{"name":"wp","href":"https:\/\/api.w.org\/{rel}","templated":true}]}}